{"id":6755,"date":"2023-06-16T08:38:04","date_gmt":"2023-06-16T12:38:04","guid":{"rendered":"https:\/\/savoureaston.ca\/lister-les-marches\/"},"modified":"2023-09-28T08:39:52","modified_gmt":"2023-09-28T12:39:52","slug":"lister-les-marches","status":"publish","type":"page","link":"https:\/\/savoureaston.ca\/fr\/lister-les-marches\/","title":{"rendered":"Lister les march\u00e9s"},"content":{"rendered":"\n<div class=\"wp-block-toolset-blocks-container tb-container\" data-toolset-blocks-container=\"d4849fbaaf1b8f39234199a4d8064ef6\">\n<div class=\"wp-block-toolset-blocks-container tb-container\" data-toolset-blocks-container=\"8955a91e693f3c468a73a6740b33656e\"><div class=\"tb-container-inner\"><div class=\"wpv-view-output\" data-toolset-views-view-editor=\"8992e07b5ddb24a4c160a098e778b5cc\"><div class=\"wp-block-toolset-views-view-editor\"><div id=\"wpv-view-layout-5947\" class=\"js-wpv-view-layout js-wpv-layout-responsive js-wpv-view-layout-5947\" data-viewnumber=\"5947\" data-pagination=\"{&quot;id&quot;:5947,&quot;query&quot;:&quot;normal&quot;,&quot;type&quot;:&quot;disabled&quot;,&quot;effect&quot;:&quot;fade&quot;,&quot;duration&quot;:500,&quot;speed&quot;:5,&quot;pause_on_hover&quot;:&quot;enabled&quot;,&quot;stop_rollover&quot;:&quot;false&quot;,&quot;cache_pages&quot;:&quot;enabled&quot;,&quot;preload_images&quot;:&quot;enabled&quot;,&quot;preload_pages&quot;:&quot;enabled&quot;,&quot;preload_reach&quot;:1,&quot;spinner&quot;:&quot;builtin&quot;,&quot;spinner_image&quot;:&quot;https:\/\/savoureaston.ca\/wp-content\/plugins\/toolset-blocks\/embedded\/res\/img\/ajax-loader.gif&quot;,&quot;callback_next&quot;:&quot;&quot;,&quot;manage_history&quot;:&quot;enabled&quot;,&quot;has_controls_in_form&quot;:&quot;disabled&quot;,&quot;infinite_tolerance&quot;:&quot;0&quot;,&quot;max_pages&quot;:1,&quot;page&quot;:1,&quot;base_permalink&quot;:&quot;\/fr\/wp-json\/wp\/v2\/pages\/6755?wpv_view_count=5947&amp;wpv_paged=WPV_PAGE_NUM&quot;,&quot;loop&quot;:{&quot;type&quot;:&quot;&quot;,&quot;name&quot;:&quot;&quot;,&quot;data&quot;:[],&quot;id&quot;:0}}\" data-permalink=\"\/fr\/wp-json\/wp\/v2\/pages\/6755?wpv_view_count=5947\">\n\n<div class=\"js-wpv-loop-wrapper\">\n\n<div class=\"wp-block-toolset-views-view-template-block wpv-block-loop-item php-to-be-replaced-with-shortcode\" data-toolset-views-view-template-block=\"21511740418d16e62ea4fd78561b5e2d\">\n<div class=\"tb-field\" data-toolset-blocks-field=\"f2e5cfd1ea5062bd1d657aaa69632927\" data-last-update=\"1.4\"><a href=\"https:\/\/savoureaston.ca\/fr\/evenements\/cornwall-kinsmen-farmers-market\/\">Cornwall Kinsmen Farmers Market<\/a><\/div>\n\n\n\n<div class=\"tb-field margin-2\" data-toolset-blocks-field=\"fd08cd4effc4eefbfb03a02534eddefb\" data-last-update=\"1.4\"><p>Dimanche, du 28 mai au 29 octobre, \u00e0 partir de 10 heures \u00e0 14 heures<\/p>\n<\/div>\n\n\n\n<div class=\"tb-field\" data-toolset-blocks-field=\"6d78e2eae80c54674425cd05c9ff95ea\" data-last-update=\"1.4\">St.lawrence college, Cornwall, ON, Canada<\/div>\n<\/div>\n\n\n\n<div class=\"wp-block-toolset-views-view-template-block wpv-block-loop-item php-to-be-replaced-with-shortcode\" data-toolset-views-view-template-block=\"21511740418d16e62ea4fd78561b5e2d\">\n<div class=\"tb-field\" data-toolset-blocks-field=\"f2e5cfd1ea5062bd1d657aaa69632927\" data-last-update=\"1.4\"><a href=\"https:\/\/savoureaston.ca\/fr\/evenements\/kempville-farmers-market\/\">Kempville Farmers&rsquo; Market<\/a><\/div>\n\n\n\n<div class=\"tb-field margin-2\" data-toolset-blocks-field=\"fd08cd4effc4eefbfb03a02534eddefb\" data-last-update=\"1.4\"><p>Les dimanches, de mai \u00e0 octobre 2023, \u00e0 partir de 12 heures \u00e0 16 heures<\/p>\n<\/div>\n\n\n\n<div class=\"tb-field\" data-toolset-blocks-field=\"6d78e2eae80c54674425cd05c9ff95ea\" data-last-update=\"1.4\">B & H Your Community Grocer, Rideau Street, Kemptville, ON, Canada<\/div>\n<\/div>\n\n\n\n<div class=\"wp-block-toolset-views-view-template-block wpv-block-loop-item php-to-be-replaced-with-shortcode\" data-toolset-views-view-template-block=\"21511740418d16e62ea4fd78561b5e2d\">\n<div class=\"tb-field\" data-toolset-blocks-field=\"f2e5cfd1ea5062bd1d657aaa69632927\" data-last-update=\"1.4\"><a href=\"https:\/\/savoureaston.ca\/fr\/evenements\/marche-by\/\">March\u00e9 By<\/a><\/div>\n\n\n\n<div class=\"tb-field margin-2\" data-toolset-blocks-field=\"fd08cd4effc4eefbfb03a02534eddefb\" data-last-update=\"1.4\"><p>March\u00e9 int\u00e9rieur : 7 jours par semaine<br \/>\nMarch\u00e9 en plein air : De mai \u00e0 octobre, y compris les jours f\u00e9ri\u00e9s<\/p>\n<\/div>\n\n\n\n<div class=\"tb-field\" data-toolset-blocks-field=\"6d78e2eae80c54674425cd05c9ff95ea\" data-last-update=\"1.4\">March\u00e9 By, Ottawa, ON, Canada<\/div>\n<\/div>\n\n\n\n<div class=\"wp-block-toolset-views-view-template-block wpv-block-loop-item php-to-be-replaced-with-shortcode\" data-toolset-views-view-template-block=\"21511740418d16e62ea4fd78561b5e2d\">\n<div class=\"tb-field\" data-toolset-blocks-field=\"f2e5cfd1ea5062bd1d657aaa69632927\" data-last-update=\"1.4\"><a href=\"https:\/\/savoureaston.ca\/fr\/evenements\/marche-communautaire-de-bourget\/\">March\u00e9 communautaire de Bourget<\/a><\/div>\n\n\n\n<div class=\"tb-field margin-2\" data-toolset-blocks-field=\"fd08cd4effc4eefbfb03a02534eddefb\" data-last-update=\"1.4\"><p>Tous les 3\u00e8mes samedis du mois de juin \u00e0 octobre.<\/p>\n<\/div>\n\n\n\n<div class=\"tb-field\" data-toolset-blocks-field=\"6d78e2eae80c54674425cd05c9ff95ea\" data-last-update=\"1.4\">Stationnement du Pavillon Bourget, Sentier r\u00e9cr\u00e9atif Prescott-Russell, Bourget, ON, Canada<\/div>\n<\/div>\n\n\n\n<div class=\"wp-block-toolset-views-view-template-block wpv-block-loop-item php-to-be-replaced-with-shortcode\" data-toolset-views-view-template-block=\"21511740418d16e62ea4fd78561b5e2d\">\n<div class=\"tb-field\" data-toolset-blocks-field=\"f2e5cfd1ea5062bd1d657aaa69632927\" data-last-update=\"1.4\"><a href=\"https:\/\/savoureaston.ca\/fr\/evenements\/marche-dorleans\/\">March\u00e9 d&rsquo;Orl\u00e9ans<\/a><\/div>\n\n\n\n<div class=\"tb-field margin-2\" data-toolset-blocks-field=\"fd08cd4effc4eefbfb03a02534eddefb\" data-last-update=\"1.4\"><p>Du 25 mai au 26 octobre | Les jeudis de 11h00 \u00e0 16h00<\/p>\n<\/div>\n\n\n\n<div class=\"tb-field\" data-toolset-blocks-field=\"6d78e2eae80c54674425cd05c9ff95ea\" data-last-update=\"1.4\">Complexe r\u00e9cr\u00e9atif Ray-Friel, chemin 10th Line, Orl\u00e9ans, ON, Canada<\/div>\n<\/div>\n\n\n\n<div class=\"wp-block-toolset-views-view-template-block wpv-block-loop-item php-to-be-replaced-with-shortcode\" data-toolset-views-view-template-block=\"21511740418d16e62ea4fd78561b5e2d\">\n<div class=\"tb-field\" data-toolset-blocks-field=\"f2e5cfd1ea5062bd1d657aaa69632927\" data-last-update=\"1.4\"><a href=\"https:\/\/savoureaston.ca\/fr\/evenements\/marche-de-barrhaven\/\">March\u00e9 de Barrhaven<\/a><\/div>\n\n\n\n<div class=\"tb-field margin-2\" data-toolset-blocks-field=\"fd08cd4effc4eefbfb03a02534eddefb\" data-last-update=\"1.4\"><p>Du 28 mai au 29 octobre | Dimanche 10h00 - 14h00<\/p>\n<\/div>\n\n\n\n<div class=\"tb-field\" data-toolset-blocks-field=\"6d78e2eae80c54674425cd05c9ff95ea\" data-last-update=\"1.4\">OC Transpo - Nepean Woods Park & Ride, Promenade Strandherd, Ottawa, ON, Canada<\/div>\n<\/div>\n\n\n\n<div class=\"wp-block-toolset-views-view-template-block wpv-block-loop-item php-to-be-replaced-with-shortcode\" data-toolset-views-view-template-block=\"21511740418d16e62ea4fd78561b5e2d\">\n<div class=\"tb-field\" data-toolset-blocks-field=\"f2e5cfd1ea5062bd1d657aaa69632927\" data-last-update=\"1.4\"><a href=\"https:\/\/savoureaston.ca\/fr\/evenements\/marche-de-clarence-rockland\/\">March\u00e9 de Clarence Rockland<\/a><\/div>\n\n\n\n<div class=\"tb-field margin-2\" data-toolset-blocks-field=\"fd08cd4effc4eefbfb03a02534eddefb\" data-last-update=\"1.4\"><p>Le deuxi\u00e8me dimanche de chaque mois de mai \u00e0 septembre<\/p>\n<\/div>\n\n\n\n<div class=\"tb-field\" data-toolset-blocks-field=\"6d78e2eae80c54674425cd05c9ff95ea\" data-last-update=\"1.4\">Parc Simon, 1450 ave. Du Parc, Rockland, ON, Canada<\/div>\n<\/div>\n\n\n\n<div class=\"wp-block-toolset-views-view-template-block wpv-block-loop-item php-to-be-replaced-with-shortcode\" data-toolset-views-view-template-block=\"21511740418d16e62ea4fd78561b5e2d\">\n<div class=\"tb-field\" data-toolset-blocks-field=\"f2e5cfd1ea5062bd1d657aaa69632927\" data-last-update=\"1.4\"><a href=\"https:\/\/savoureaston.ca\/fr\/evenements\/marche-de-la-fete-des-meres\/\">March\u00e9 de la f\u00eate des m\u00e8res<\/a><\/div>\n\n\n\n<div class=\"tb-field margin-2\" data-toolset-blocks-field=\"fd08cd4effc4eefbfb03a02534eddefb\" data-last-update=\"1.4\"><p>Samedi 9 mai 2026 de 11h00 \u00e0 16h00<\/p>\n<\/div>\n\n\n\n<div class=\"tb-field\" data-toolset-blocks-field=\"6d78e2eae80c54674425cd05c9ff95ea\" data-last-update=\"1.4\">10 Terry Fox Dr, Vankleek Hill, ON K0B 1R0, Canada<\/div>\n<\/div>\n\n\n\n<div class=\"wp-block-toolset-views-view-template-block wpv-block-loop-item php-to-be-replaced-with-shortcode\" data-toolset-views-view-template-block=\"21511740418d16e62ea4fd78561b5e2d\">\n<div class=\"tb-field\" data-toolset-blocks-field=\"f2e5cfd1ea5062bd1d657aaa69632927\" data-last-update=\"1.4\"><a href=\"https:\/\/savoureaston.ca\/fr\/evenements\/marche-de-wesboro\/\">March\u00e9 de Wesboro<\/a><\/div>\n\n\n\n<div class=\"tb-field margin-2\" data-toolset-blocks-field=\"fd08cd4effc4eefbfb03a02534eddefb\" data-last-update=\"1.4\"><p>Du 20 mai au 28 octobre | Les samedis de 9h00 \u00e0 15h00<\/p>\n<\/div>\n\n\n\n<div class=\"tb-field\" data-toolset-blocks-field=\"6d78e2eae80c54674425cd05c9ff95ea\" data-last-update=\"1.4\">Byron Linear Park, Avenue Byron, Ottawa, ON, Canada<\/div>\n<\/div>\n\n\n\n<div class=\"wp-block-toolset-views-view-template-block wpv-block-loop-item php-to-be-replaced-with-shortcode\" data-toolset-views-view-template-block=\"21511740418d16e62ea4fd78561b5e2d\">\n<div class=\"tb-field\" data-toolset-blocks-field=\"f2e5cfd1ea5062bd1d657aaa69632927\" data-last-update=\"1.4\"><a href=\"https:\/\/savoureaston.ca\/fr\/evenements\/marche-fermier-de-cumberland-2023\/\">March\u00e9 des producteurs de Cumberland<\/a><\/div>\n\n\n\n<div class=\"tb-field margin-2\" data-toolset-blocks-field=\"fd08cd4effc4eefbfb03a02534eddefb\" data-last-update=\"1.4\"><p>Tous les samedis de 9h00 \u00e0 13h00 de juin \u00e0 octobre 2025<\/p>\n<\/div>\n\n\n\n<div class=\"tb-field\" data-toolset-blocks-field=\"6d78e2eae80c54674425cd05c9ff95ea\" data-last-update=\"1.4\">1115 Dunning Rd, Cumberland, ON K4C 1P6<\/div>\n<\/div>\n\n\n\n<div class=\"wp-block-toolset-views-view-template-block wpv-block-loop-item php-to-be-replaced-with-shortcode\" data-toolset-views-view-template-block=\"21511740418d16e62ea4fd78561b5e2d\">\n<div class=\"tb-field\" data-toolset-blocks-field=\"f2e5cfd1ea5062bd1d657aaa69632927\" data-last-update=\"1.4\"><a href=\"https:\/\/savoureaston.ca\/fr\/evenements\/marche-des-producteurs-des-vergers-villeneuve-et-blueberry-farm\/\">March\u00e9 des producteurs des Vergers Villeneuve et Blueberry Farm<\/a><\/div>\n\n\n\n<div class=\"tb-field margin-2\" data-toolset-blocks-field=\"fd08cd4effc4eefbfb03a02534eddefb\" data-last-update=\"1.4\"><p>Les 21 juin et 11 octobre 2025 de 10h \u00e0 15h.<\/p>\n<\/div>\n\n\n\n<div class=\"tb-field\" data-toolset-blocks-field=\"6d78e2eae80c54674425cd05c9ff95ea\" data-last-update=\"1.4\">1341, chemin Rollin, Saint-Pascal-Baylon, ON K0A 3N0<\/div>\n<\/div>\n\n\n\n<div class=\"wp-block-toolset-views-view-template-block wpv-block-loop-item php-to-be-replaced-with-shortcode\" data-toolset-views-view-template-block=\"21511740418d16e62ea4fd78561b5e2d\">\n<div class=\"tb-field\" data-toolset-blocks-field=\"f2e5cfd1ea5062bd1d657aaa69632927\" data-last-update=\"1.4\"><a href=\"https:\/\/savoureaston.ca\/fr\/evenements\/marche-fermier-de-cornwall-kinsman\/\">March\u00e9 fermier de Cornwall Kinsman<\/a><\/div>\n\n\n\n<div class=\"tb-field margin-2\" data-toolset-blocks-field=\"fd08cd4effc4eefbfb03a02534eddefb\" data-last-update=\"1.4\"><p>De fin mai \u00e0 fin octobre | Dimanche de 10h00 \u00e0 14h00<\/p>\n<\/div>\n\n\n\n<div class=\"tb-field\" data-toolset-blocks-field=\"6d78e2eae80c54674425cd05c9ff95ea\" data-last-update=\"1.4\">2 St. Lawrence Dr, Cornwall, ON K6H 4Z1, Canada<\/div>\n<\/div>\n\n\n\n<div class=\"wp-block-toolset-views-view-template-block wpv-block-loop-item php-to-be-replaced-with-shortcode\" data-toolset-views-view-template-block=\"21511740418d16e62ea4fd78561b5e2d\">\n<div class=\"tb-field\" data-toolset-blocks-field=\"f2e5cfd1ea5062bd1d657aaa69632927\" data-last-update=\"1.4\"><a href=\"https:\/\/savoureaston.ca\/fr\/evenements\/marche-fermier-de-long-sault\/\">March\u00e9 fermier de Long Sault<\/a><\/div>\n\n\n\n<div class=\"tb-field margin-2\" data-toolset-blocks-field=\"fd08cd4effc4eefbfb03a02534eddefb\" data-last-update=\"1.4\"><p>Les vendredis, de juin \u00e0 octobre, \u00e0 partir de 14 heures. \u00e0 18 heures<\/p>\n<\/div>\n\n\n\n<div class=\"tb-field\" data-toolset-blocks-field=\"6d78e2eae80c54674425cd05c9ff95ea\" data-last-update=\"1.4\">Promenade Long Sault Drive, Long Sault, Ontario, Canada<\/div>\n<\/div>\n\n\n\n<div class=\"wp-block-toolset-views-view-template-block wpv-block-loop-item php-to-be-replaced-with-shortcode\" data-toolset-views-view-template-block=\"21511740418d16e62ea4fd78561b5e2d\">\n<div class=\"tb-field\" data-toolset-blocks-field=\"f2e5cfd1ea5062bd1d657aaa69632927\" data-last-update=\"1.4\"><a href=\"https:\/\/savoureaston.ca\/fr\/evenements\/marche-fermier-de-vankleek-hill\/\">March\u00e9 fermier de Vankleek Hill<\/a><\/div>\n\n\n\n<div class=\"tb-field margin-2\" data-toolset-blocks-field=\"fd08cd4effc4eefbfb03a02534eddefb\" data-last-update=\"1.4\"><p>Le samedi \u00e0 partir de 9h30 \u00e0 12h30<\/p>\n<\/div>\n\n\n\n<div class=\"tb-field\" data-toolset-blocks-field=\"6d78e2eae80c54674425cd05c9ff95ea\" data-last-update=\"1.4\">50, ave. Home, Vankleek Hill, ON, Canada<\/div>\n<\/div>\n\n\n\n<div class=\"wp-block-toolset-views-view-template-block wpv-block-loop-item php-to-be-replaced-with-shortcode\" data-toolset-views-view-template-block=\"21511740418d16e62ea4fd78561b5e2d\">\n<div class=\"tb-field\" data-toolset-blocks-field=\"f2e5cfd1ea5062bd1d657aaa69632927\" data-last-update=\"1.4\"><a href=\"https:\/\/savoureaston.ca\/fr\/evenements\/marche-public-de-parkdale\/\">March\u00e9 public de Parkdale<\/a><\/div>\n\n\n\n<div class=\"tb-field margin-2\" data-toolset-blocks-field=\"fd08cd4effc4eefbfb03a02534eddefb\" data-last-update=\"1.4\"><p>March\u00e9 en plein air : De mai \u00e0 octobre, y compris les jours f\u00e9ri\u00e9s<\/p>\n<\/div>\n\n\n\n<div class=\"tb-field\" data-toolset-blocks-field=\"6d78e2eae80c54674425cd05c9ff95ea\" data-last-update=\"1.4\">366 Parkdale Avenue, Ottawa, ON, Canada<\/div>\n<\/div>\n\n\n\n<div class=\"wp-block-toolset-views-view-template-block wpv-block-loop-item php-to-be-replaced-with-shortcode\" data-toolset-views-view-template-block=\"21511740418d16e62ea4fd78561b5e2d\">\n<div class=\"tb-field\" data-toolset-blocks-field=\"f2e5cfd1ea5062bd1d657aaa69632927\" data-last-update=\"1.4\"><a href=\"https:\/\/savoureaston.ca\/fr\/evenements\/marche-communautaire-de-maxville\/\">Maxville Community Market<\/a><\/div>\n\n\n\n<div class=\"tb-field margin-2\" data-toolset-blocks-field=\"fd08cd4effc4eefbfb03a02534eddefb\" data-last-update=\"1.4\"><p>De mai \u00e0 octobre, \u00e0 partir de 14 heures \u00e0 18 heures<\/p>\n<\/div>\n\n\n\n<div class=\"tb-field\" data-toolset-blocks-field=\"6d78e2eae80c54674425cd05c9ff95ea\" data-last-update=\"1.4\">4 Main Street South, Maxville, ON, Canada<\/div>\n<\/div>\n\n\n\n<div class=\"wp-block-toolset-views-view-template-block wpv-block-loop-item php-to-be-replaced-with-shortcode\" data-toolset-views-view-template-block=\"21511740418d16e62ea4fd78561b5e2d\">\n<div class=\"tb-field\" data-toolset-blocks-field=\"f2e5cfd1ea5062bd1d657aaa69632927\" data-last-update=\"1.4\"><a href=\"https:\/\/savoureaston.ca\/fr\/evenements\/marche-fermier-de-metcalfe\/\">Metcalfe Farmers&rsquo; Market<\/a><\/div>\n\n\n\n<div class=\"tb-field margin-2\" data-toolset-blocks-field=\"fd08cd4effc4eefbfb03a02534eddefb\" data-last-update=\"1.4\"><p>Tous les samedis de 9h00 \u00e0 13h00 du 13 mai au 14 octobre.<\/p>\n<\/div>\n\n\n\n<div class=\"tb-field\" data-toolset-blocks-field=\"6d78e2eae80c54674425cd05c9ff95ea\" data-last-update=\"1.4\">2821 Chemin 8th Line Road, Metcalfe, ON, Canada<\/div>\n<\/div>\n\n\n\n<div class=\"wp-block-toolset-views-view-template-block wpv-block-loop-item php-to-be-replaced-with-shortcode\" data-toolset-views-view-template-block=\"21511740418d16e62ea4fd78561b5e2d\">\n<div class=\"tb-field\" data-toolset-blocks-field=\"f2e5cfd1ea5062bd1d657aaa69632927\" data-last-update=\"1.4\"><a href=\"https:\/\/savoureaston.ca\/fr\/evenements\/russell-flea-2024\/\">Russell Flea 2024<\/a><\/div>\n\n\n\n<div class=\"tb-field margin-2\" data-toolset-blocks-field=\"fd08cd4effc4eefbfb03a02534eddefb\" data-last-update=\"1.4\"><p>Les 10 f\u00e9vrier, 23 mars, 13 avril, 4 mai et 8 juin \u00e0 partir de 9 heures. \u00e0 15 heures<\/p>\n<\/div>\n\n\n\n<div class=\"tb-field\" data-toolset-blocks-field=\"6d78e2eae80c54674425cd05c9ff95ea\" data-last-update=\"1.4\">Russell High School, North Russell Road, Russell, ON, Canada<\/div>\n<\/div>\n\n\n\n<div class=\"wp-block-toolset-views-view-template-block wpv-block-loop-item php-to-be-replaced-with-shortcode\" data-toolset-views-view-template-block=\"21511740418d16e62ea4fd78561b5e2d\">\n<div class=\"tb-field\" data-toolset-blocks-field=\"f2e5cfd1ea5062bd1d657aaa69632927\" data-last-update=\"1.4\"><a href=\"https:\/\/savoureaston.ca\/fr\/evenements\/the-north-grower-farmers-market\/\">The North Grower Farmers&rsquo; Market<\/a><\/div>\n\n\n\n<div class=\"tb-field margin-2\" data-toolset-blocks-field=\"fd08cd4effc4eefbfb03a02534eddefb\" data-last-update=\"1.4\"><p>Tous les samedis du 20 mai au 7 octobre de 8h30 \u00e0 13h.<\/p>\n<\/div>\n\n\n\n<div class=\"tb-field\" data-toolset-blocks-field=\"6d78e2eae80c54674425cd05c9ff95ea\" data-last-update=\"1.4\">2397 Promenade Roger Stevens Drive, North Gower, Ontario, Canada<\/div>\n<\/div>\n\n<\/div>\n<\/div><\/div>\n\n<\/div><\/div><\/div>\n<\/div>\n","protected":false},"excerpt":{"rendered":"","protected":false},"author":14,"featured_media":0,"parent":0,"menu_order":0,"comment_status":"closed","ping_status":"closed","template":"","meta":{"footnotes":""},"class_list":["post-6755","page","type-page","status-publish","hentry"],"yoast_head":"<!-- This site is optimized with the Yoast SEO plugin v27.2 - https:\/\/yoast.com\/product\/yoast-seo-wordpress\/ -->\n<title>Lister les march\u00e9s - Savour East Ontario<\/title>\n<meta name=\"robots\" content=\"index, follow, max-snippet:-1, max-image-preview:large, max-video-preview:-1\" \/>\n<link rel=\"canonical\" href=\"https:\/\/savoureaston.ca\/fr\/lister-les-marches\/\" \/>\n<meta property=\"og:locale\" content=\"fr_CA\" \/>\n<meta property=\"og:type\" content=\"article\" \/>\n<meta property=\"og:title\" content=\"Lister les march\u00e9s - Savour East Ontario\" \/>\n<meta property=\"og:url\" content=\"https:\/\/savoureaston.ca\/fr\/lister-les-marches\/\" \/>\n<meta property=\"og:site_name\" content=\"Savour East Ontario\" \/>\n<meta property=\"article:publisher\" content=\"https:\/\/www.facebook.com\/EastON.EstON\" \/>\n<meta property=\"article:modified_time\" content=\"2023-09-28T12:39:52+00:00\" \/>\n<meta name=\"twitter:card\" content=\"summary_large_image\" \/>\n<script type=\"application\/ld+json\" class=\"yoast-schema-graph\">{\"@context\":\"https:\/\/schema.org\",\"@graph\":[{\"@type\":\"WebPage\",\"@id\":\"https:\/\/savoureaston.ca\/fr\/lister-les-marches\/\",\"url\":\"https:\/\/savoureaston.ca\/fr\/lister-les-marches\/\",\"name\":\"Lister les march\u00e9s - Savour East Ontario\",\"isPartOf\":{\"@id\":\"https:\/\/savoureaston.ca\/fr\/#website\"},\"datePublished\":\"2023-06-16T12:38:04+00:00\",\"dateModified\":\"2023-09-28T12:39:52+00:00\",\"breadcrumb\":{\"@id\":\"https:\/\/savoureaston.ca\/fr\/lister-les-marches\/#breadcrumb\"},\"inLanguage\":\"fr-CA\",\"potentialAction\":[{\"@type\":\"ReadAction\",\"target\":[\"https:\/\/savoureaston.ca\/fr\/lister-les-marches\/\"]}]},{\"@type\":\"BreadcrumbList\",\"@id\":\"https:\/\/savoureaston.ca\/fr\/lister-les-marches\/#breadcrumb\",\"itemListElement\":[{\"@type\":\"ListItem\",\"position\":1,\"name\":\"Home\",\"item\":\"https:\/\/savoureaston.ca\/fr\/\"},{\"@type\":\"ListItem\",\"position\":2,\"name\":\"Lister les march\u00e9s\"}]},{\"@type\":\"WebSite\",\"@id\":\"https:\/\/savoureaston.ca\/fr\/#website\",\"url\":\"https:\/\/savoureaston.ca\/fr\/\",\"name\":\"Savour East Ontario\",\"description\":\"\",\"publisher\":{\"@id\":\"https:\/\/savoureaston.ca\/fr\/#organization\"},\"potentialAction\":[{\"@type\":\"SearchAction\",\"target\":{\"@type\":\"EntryPoint\",\"urlTemplate\":\"https:\/\/savoureaston.ca\/fr\/?s={search_term_string}\"},\"query-input\":{\"@type\":\"PropertyValueSpecification\",\"valueRequired\":true,\"valueName\":\"search_term_string\"}}],\"inLanguage\":\"fr-CA\"},{\"@type\":\"Organization\",\"@id\":\"https:\/\/savoureaston.ca\/fr\/#organization\",\"name\":\"Eastern Ontario Agri-food Network\",\"url\":\"https:\/\/savoureaston.ca\/fr\/\",\"logo\":{\"@type\":\"ImageObject\",\"inLanguage\":\"fr-CA\",\"@id\":\"https:\/\/savoureaston.ca\/fr\/#\/schema\/logo\/image\/\",\"url\":\"https:\/\/savoureaston.ca\/wp-content\/uploads\/2023\/01\/SE-ON-logo-long-solide.png\",\"contentUrl\":\"https:\/\/savoureaston.ca\/wp-content\/uploads\/2023\/01\/SE-ON-logo-long-solide.png\",\"width\":2788,\"height\":1376,\"caption\":\"Eastern Ontario Agri-food Network\"},\"image\":{\"@id\":\"https:\/\/savoureaston.ca\/fr\/#\/schema\/logo\/image\/\"},\"sameAs\":[\"https:\/\/www.facebook.com\/EastON.EstON\"]}]}<\/script>\n<!-- \/ Yoast SEO plugin. -->","yoast_head_json":{"title":"Lister les march\u00e9s - Savour East Ontario","robots":{"index":"index","follow":"follow","max-snippet":"max-snippet:-1","max-image-preview":"max-image-preview:large","max-video-preview":"max-video-preview:-1"},"canonical":"https:\/\/savoureaston.ca\/fr\/lister-les-marches\/","og_locale":"fr_CA","og_type":"article","og_title":"Lister les march\u00e9s - Savour East Ontario","og_url":"https:\/\/savoureaston.ca\/fr\/lister-les-marches\/","og_site_name":"Savour East Ontario","article_publisher":"https:\/\/www.facebook.com\/EastON.EstON","article_modified_time":"2023-09-28T12:39:52+00:00","twitter_card":"summary_large_image","schema":{"@context":"https:\/\/schema.org","@graph":[{"@type":"WebPage","@id":"https:\/\/savoureaston.ca\/fr\/lister-les-marches\/","url":"https:\/\/savoureaston.ca\/fr\/lister-les-marches\/","name":"Lister les march\u00e9s - Savour East Ontario","isPartOf":{"@id":"https:\/\/savoureaston.ca\/fr\/#website"},"datePublished":"2023-06-16T12:38:04+00:00","dateModified":"2023-09-28T12:39:52+00:00","breadcrumb":{"@id":"https:\/\/savoureaston.ca\/fr\/lister-les-marches\/#breadcrumb"},"inLanguage":"fr-CA","potentialAction":[{"@type":"ReadAction","target":["https:\/\/savoureaston.ca\/fr\/lister-les-marches\/"]}]},{"@type":"BreadcrumbList","@id":"https:\/\/savoureaston.ca\/fr\/lister-les-marches\/#breadcrumb","itemListElement":[{"@type":"ListItem","position":1,"name":"Home","item":"https:\/\/savoureaston.ca\/fr\/"},{"@type":"ListItem","position":2,"name":"Lister les march\u00e9s"}]},{"@type":"WebSite","@id":"https:\/\/savoureaston.ca\/fr\/#website","url":"https:\/\/savoureaston.ca\/fr\/","name":"Savour East Ontario","description":"","publisher":{"@id":"https:\/\/savoureaston.ca\/fr\/#organization"},"potentialAction":[{"@type":"SearchAction","target":{"@type":"EntryPoint","urlTemplate":"https:\/\/savoureaston.ca\/fr\/?s={search_term_string}"},"query-input":{"@type":"PropertyValueSpecification","valueRequired":true,"valueName":"search_term_string"}}],"inLanguage":"fr-CA"},{"@type":"Organization","@id":"https:\/\/savoureaston.ca\/fr\/#organization","name":"Eastern Ontario Agri-food Network","url":"https:\/\/savoureaston.ca\/fr\/","logo":{"@type":"ImageObject","inLanguage":"fr-CA","@id":"https:\/\/savoureaston.ca\/fr\/#\/schema\/logo\/image\/","url":"https:\/\/savoureaston.ca\/wp-content\/uploads\/2023\/01\/SE-ON-logo-long-solide.png","contentUrl":"https:\/\/savoureaston.ca\/wp-content\/uploads\/2023\/01\/SE-ON-logo-long-solide.png","width":2788,"height":1376,"caption":"Eastern Ontario Agri-food Network"},"image":{"@id":"https:\/\/savoureaston.ca\/fr\/#\/schema\/logo\/image\/"},"sameAs":["https:\/\/www.facebook.com\/EastON.EstON"]}]}},"_links":{"self":[{"href":"https:\/\/savoureaston.ca\/fr\/wp-json\/wp\/v2\/pages\/6755","targetHints":{"allow":["GET"]}}],"collection":[{"href":"https:\/\/savoureaston.ca\/fr\/wp-json\/wp\/v2\/pages"}],"about":[{"href":"https:\/\/savoureaston.ca\/fr\/wp-json\/wp\/v2\/types\/page"}],"author":[{"embeddable":true,"href":"https:\/\/savoureaston.ca\/fr\/wp-json\/wp\/v2\/users\/14"}],"replies":[{"embeddable":true,"href":"https:\/\/savoureaston.ca\/fr\/wp-json\/wp\/v2\/comments?post=6755"}],"version-history":[{"count":1,"href":"https:\/\/savoureaston.ca\/fr\/wp-json\/wp\/v2\/pages\/6755\/revisions"}],"predecessor-version":[{"id":6756,"href":"https:\/\/savoureaston.ca\/fr\/wp-json\/wp\/v2\/pages\/6755\/revisions\/6756"}],"wp:attachment":[{"href":"https:\/\/savoureaston.ca\/fr\/wp-json\/wp\/v2\/media?parent=6755"}],"curies":[{"name":"wp","href":"https:\/\/api.w.org\/{rel}","templated":true}]}}