{"id":4689,"date":"2023-03-23T11:31:43","date_gmt":"2023-03-23T15:31:43","guid":{"rendered":"https:\/\/savoureaston.ca\/modalites-et-conditions\/"},"modified":"2023-03-23T14:49:13","modified_gmt":"2023-03-23T18:49:13","slug":"modalites-et-conditions","status":"publish","type":"page","link":"https:\/\/savoureaston.ca\/fr\/modalites-et-conditions\/","title":{"rendered":"Modalit\u00e9s et conditions"},"content":{"rendered":"\t\t<div data-elementor-type=\"wp-page\" data-elementor-id=\"4689\" class=\"elementor elementor-4689 elementor-4683\" data-elementor-post-type=\"page\">\n\t\t\t\t\t\t<section class=\"elementor-section elementor-top-section elementor-element elementor-element-bb452f3 elementor-section-boxed elementor-section-height-default elementor-section-height-default\" data-id=\"bb452f3\" data-element_type=\"section\" data-e-type=\"section\">\n\t\t\t\t\t\t<div class=\"elementor-container elementor-column-gap-default\">\n\t\t\t\t\t<div class=\"elementor-column elementor-col-100 elementor-top-column elementor-element elementor-element-43cb99a\" data-id=\"43cb99a\" data-element_type=\"column\" data-e-type=\"column\" data-settings=\"{&quot;background_background&quot;:&quot;classic&quot;}\">\n\t\t\t<div class=\"elementor-widget-wrap elementor-element-populated\">\n\t\t\t\t\t\t<div class=\"elementor-element elementor-element-9fa8948 elementor-widget elementor-widget-spacer\" data-id=\"9fa8948\" data-element_type=\"widget\" data-e-type=\"widget\" data-widget_type=\"spacer.default\">\n\t\t\t\t<div class=\"elementor-widget-container\">\n\t\t\t\t\t\t\t<div class=\"elementor-spacer\">\n\t\t\t<div class=\"elementor-spacer-inner\"><\/div>\n\t\t<\/div>\n\t\t\t\t\t\t<\/div>\n\t\t\t\t<\/div>\n\t\t\t\t<div class=\"elementor-element elementor-element-db7f22d elementor-widget elementor-widget-heading\" data-id=\"db7f22d\" data-element_type=\"widget\" data-e-type=\"widget\" data-widget_type=\"heading.default\">\n\t\t\t\t<div class=\"elementor-widget-container\">\n\t\t\t\t\t<h2 class=\"elementor-heading-title elementor-size-default\">Conditions d'utilisation<\/h2>\t\t\t\t<\/div>\n\t\t\t\t<\/div>\n\t\t\t\t<div class=\"elementor-element elementor-element-56fdc82 elementor-widget elementor-widget-text-editor\" data-id=\"56fdc82\" data-element_type=\"widget\" data-e-type=\"widget\" data-widget_type=\"text-editor.default\">\n\t\t\t\t<div class=\"elementor-widget-container\">\n\t\t\t\t\t\t\t\t\t<p>Le R<strong>\u00e9seau agroalimentaire de l&rsquo;Est de l&rsquo;Ontario (EOAN)<\/strong> exploite le site web savoureaston.ca.<\/p>\n<p>Courriel : info@agro-on.ca<\/p>\n<p>Site web : agro-on.ca<\/p>\n<p> <\/p>\n<p><strong>Politique de confidentialit\u00e9<\/strong><\/p>\n<p>Le RAEO a besoin des coordonn\u00e9es que vous lui fournissez pour vous contacter au sujet de ses produits et services. Vous pouvez vous d\u00e9sabonner de ces communications \u00e0 tout moment. Nous nous engageons \u00e0 prot\u00e9ger et \u00e0 respecter votre vie priv\u00e9e, et nous n&rsquo;utiliserons vos informations personnelles que pour g\u00e9rer votre compte et vous fournir les produits et services que vous nous avez demand\u00e9s.<\/p>\n<p> <\/p>\n<p><strong>T\u00e9moins de connexion (cookies) et contenu int\u00e9gr\u00e9<\/strong><\/p>\n<p>Pour vous offrir la meilleure exp\u00e9rience possible, nous utilisons des technologies telles que les t\u00e9moins de connexion (cookies) pour stocker et\/ou acc\u00e9der aux informations relatives \u00e0 l&rsquo;appareil. Le fait de consentir \u00e0 ces technologies nous permettra de traiter des donn\u00e9es telles que le comportement de navigation ou des identifiants uniques sur ce site. Le fait de ne pas consentir ou de retirer son consentement peut nuire \u00e0 certaines caract\u00e9ristiques et fonctions.<\/p>\n<p>Les articles de ce site peuvent inclure du contenu int\u00e9gr\u00e9 (par exemple des vid\u00e9os, des images, des articles, etc.). Le contenu int\u00e9gr\u00e9 provenant d&rsquo;autres sites web se comporte exactement de la m\u00eame mani\u00e8re que si le visiteur avait visit\u00e9 l&rsquo;autre site web. Ces sites web peuvent recueillir des donn\u00e9es vous concernant, utiliser des cookies, int\u00e9grer un suivi suppl\u00e9mentaire par des tiers et surveiller votre interaction avec ce contenu int\u00e9gr\u00e9, y compris le suivi de votre interaction avec le contenu int\u00e9gr\u00e9 si vous avez un compte et \u00eates connect\u00e9 \u00e0 ce site web.<\/p>\t\t\t\t\t\t\t\t<\/div>\n\t\t\t\t<\/div>\n\t\t\t\t<div class=\"elementor-element elementor-element-55a98ed elementor-widget elementor-widget-spacer\" data-id=\"55a98ed\" data-element_type=\"widget\" data-e-type=\"widget\" data-widget_type=\"spacer.default\">\n\t\t\t\t<div class=\"elementor-widget-container\">\n\t\t\t\t\t\t\t<div class=\"elementor-spacer\">\n\t\t\t<div class=\"elementor-spacer-inner\"><\/div>\n\t\t<\/div>\n\t\t\t\t\t\t<\/div>\n\t\t\t\t<\/div>\n\t\t\t\t\t<\/div>\n\t\t<\/div>\n\t\t\t\t\t<\/div>\n\t\t<\/section>\n\t\t\t\t<\/div>\n\t\t","protected":false},"excerpt":{"rendered":"<p>Conditions d&rsquo;utilisation Le R\u00e9seau agroalimentaire de l&rsquo;Est de l&rsquo;Ontario (EOAN) exploite le site web savoureaston.ca. Courriel : info@agro-on.ca Site web : agro-on.ca Politique de confidentialit\u00e9 Le RAEO a besoin des coordonn\u00e9es que vous lui fournissez pour vous contacter au sujet de ses produits et services. Vous pouvez vous d\u00e9sabonner de ces communications \u00e0 tout moment. [&hellip;]<\/p>\n","protected":false},"author":14,"featured_media":0,"parent":0,"menu_order":0,"comment_status":"closed","ping_status":"closed","template":"","meta":{"footnotes":""},"class_list":["post-4689","page","type-page","status-publish","hentry"],"yoast_head":"<!-- This site is optimized with the Yoast SEO plugin v27.2 - https:\/\/yoast.com\/product\/yoast-seo-wordpress\/ -->\n<title>Modalit\u00e9s et conditions - Savour East Ontario<\/title>\n<meta name=\"robots\" content=\"index, follow, max-snippet:-1, max-image-preview:large, max-video-preview:-1\" \/>\n<link rel=\"canonical\" href=\"https:\/\/savoureaston.ca\/fr\/modalites-et-conditions\/\" \/>\n<meta property=\"og:locale\" content=\"fr_CA\" \/>\n<meta property=\"og:type\" content=\"article\" \/>\n<meta property=\"og:title\" content=\"Modalit\u00e9s et conditions - Savour East Ontario\" \/>\n<meta property=\"og:description\" content=\"Conditions d&rsquo;utilisation Le R\u00e9seau agroalimentaire de l&rsquo;Est de l&rsquo;Ontario (EOAN) exploite le site web savoureaston.ca. Courriel : info@agro-on.ca Site web : agro-on.ca Politique de confidentialit\u00e9 Le RAEO a besoin des coordonn\u00e9es que vous lui fournissez pour vous contacter au sujet de ses produits et services. Vous pouvez vous d\u00e9sabonner de ces communications \u00e0 tout moment. [&hellip;]\" \/>\n<meta property=\"og:url\" content=\"https:\/\/savoureaston.ca\/fr\/modalites-et-conditions\/\" \/>\n<meta property=\"og:site_name\" content=\"Savour East Ontario\" \/>\n<meta property=\"article:publisher\" content=\"https:\/\/www.facebook.com\/EastON.EstON\" \/>\n<meta property=\"article:modified_time\" content=\"2023-03-23T18:49:13+00:00\" \/>\n<meta name=\"twitter:card\" content=\"summary_large_image\" \/>\n<meta name=\"twitter:label1\" content=\"Estimation du temps de lecture\" \/>\n\t<meta name=\"twitter:data1\" content=\"1 minute\" \/>\n<script type=\"application\/ld+json\" class=\"yoast-schema-graph\">{\"@context\":\"https:\/\/schema.org\",\"@graph\":[{\"@type\":\"WebPage\",\"@id\":\"https:\/\/savoureaston.ca\/fr\/modalites-et-conditions\/\",\"url\":\"https:\/\/savoureaston.ca\/fr\/modalites-et-conditions\/\",\"name\":\"Modalit\u00e9s et conditions - Savour East Ontario\",\"isPartOf\":{\"@id\":\"https:\/\/savoureaston.ca\/fr\/#website\"},\"datePublished\":\"2023-03-23T15:31:43+00:00\",\"dateModified\":\"2023-03-23T18:49:13+00:00\",\"breadcrumb\":{\"@id\":\"https:\/\/savoureaston.ca\/fr\/modalites-et-conditions\/#breadcrumb\"},\"inLanguage\":\"fr-CA\",\"potentialAction\":[{\"@type\":\"ReadAction\",\"target\":[\"https:\/\/savoureaston.ca\/fr\/modalites-et-conditions\/\"]}]},{\"@type\":\"BreadcrumbList\",\"@id\":\"https:\/\/savoureaston.ca\/fr\/modalites-et-conditions\/#breadcrumb\",\"itemListElement\":[{\"@type\":\"ListItem\",\"position\":1,\"name\":\"Home\",\"item\":\"https:\/\/savoureaston.ca\/fr\/\"},{\"@type\":\"ListItem\",\"position\":2,\"name\":\"Modalit\u00e9s et conditions\"}]},{\"@type\":\"WebSite\",\"@id\":\"https:\/\/savoureaston.ca\/fr\/#website\",\"url\":\"https:\/\/savoureaston.ca\/fr\/\",\"name\":\"Savour East Ontario\",\"description\":\"\",\"publisher\":{\"@id\":\"https:\/\/savoureaston.ca\/fr\/#organization\"},\"potentialAction\":[{\"@type\":\"SearchAction\",\"target\":{\"@type\":\"EntryPoint\",\"urlTemplate\":\"https:\/\/savoureaston.ca\/fr\/?s={search_term_string}\"},\"query-input\":{\"@type\":\"PropertyValueSpecification\",\"valueRequired\":true,\"valueName\":\"search_term_string\"}}],\"inLanguage\":\"fr-CA\"},{\"@type\":\"Organization\",\"@id\":\"https:\/\/savoureaston.ca\/fr\/#organization\",\"name\":\"Eastern Ontario Agri-food Network\",\"url\":\"https:\/\/savoureaston.ca\/fr\/\",\"logo\":{\"@type\":\"ImageObject\",\"inLanguage\":\"fr-CA\",\"@id\":\"https:\/\/savoureaston.ca\/fr\/#\/schema\/logo\/image\/\",\"url\":\"https:\/\/savoureaston.ca\/wp-content\/uploads\/2023\/01\/SE-ON-logo-long-solide.png\",\"contentUrl\":\"https:\/\/savoureaston.ca\/wp-content\/uploads\/2023\/01\/SE-ON-logo-long-solide.png\",\"width\":2788,\"height\":1376,\"caption\":\"Eastern Ontario Agri-food Network\"},\"image\":{\"@id\":\"https:\/\/savoureaston.ca\/fr\/#\/schema\/logo\/image\/\"},\"sameAs\":[\"https:\/\/www.facebook.com\/EastON.EstON\"]}]}<\/script>\n<!-- \/ Yoast SEO plugin. -->","yoast_head_json":{"title":"Modalit\u00e9s et conditions - Savour East Ontario","robots":{"index":"index","follow":"follow","max-snippet":"max-snippet:-1","max-image-preview":"max-image-preview:large","max-video-preview":"max-video-preview:-1"},"canonical":"https:\/\/savoureaston.ca\/fr\/modalites-et-conditions\/","og_locale":"fr_CA","og_type":"article","og_title":"Modalit\u00e9s et conditions - Savour East Ontario","og_description":"Conditions d&rsquo;utilisation Le R\u00e9seau agroalimentaire de l&rsquo;Est de l&rsquo;Ontario (EOAN) exploite le site web savoureaston.ca. Courriel : info@agro-on.ca Site web : agro-on.ca Politique de confidentialit\u00e9 Le RAEO a besoin des coordonn\u00e9es que vous lui fournissez pour vous contacter au sujet de ses produits et services. Vous pouvez vous d\u00e9sabonner de ces communications \u00e0 tout moment. [&hellip;]","og_url":"https:\/\/savoureaston.ca\/fr\/modalites-et-conditions\/","og_site_name":"Savour East Ontario","article_publisher":"https:\/\/www.facebook.com\/EastON.EstON","article_modified_time":"2023-03-23T18:49:13+00:00","twitter_card":"summary_large_image","twitter_misc":{"Estimation du temps de lecture":"1 minute"},"schema":{"@context":"https:\/\/schema.org","@graph":[{"@type":"WebPage","@id":"https:\/\/savoureaston.ca\/fr\/modalites-et-conditions\/","url":"https:\/\/savoureaston.ca\/fr\/modalites-et-conditions\/","name":"Modalit\u00e9s et conditions - Savour East Ontario","isPartOf":{"@id":"https:\/\/savoureaston.ca\/fr\/#website"},"datePublished":"2023-03-23T15:31:43+00:00","dateModified":"2023-03-23T18:49:13+00:00","breadcrumb":{"@id":"https:\/\/savoureaston.ca\/fr\/modalites-et-conditions\/#breadcrumb"},"inLanguage":"fr-CA","potentialAction":[{"@type":"ReadAction","target":["https:\/\/savoureaston.ca\/fr\/modalites-et-conditions\/"]}]},{"@type":"BreadcrumbList","@id":"https:\/\/savoureaston.ca\/fr\/modalites-et-conditions\/#breadcrumb","itemListElement":[{"@type":"ListItem","position":1,"name":"Home","item":"https:\/\/savoureaston.ca\/fr\/"},{"@type":"ListItem","position":2,"name":"Modalit\u00e9s et conditions"}]},{"@type":"WebSite","@id":"https:\/\/savoureaston.ca\/fr\/#website","url":"https:\/\/savoureaston.ca\/fr\/","name":"Savour East Ontario","description":"","publisher":{"@id":"https:\/\/savoureaston.ca\/fr\/#organization"},"potentialAction":[{"@type":"SearchAction","target":{"@type":"EntryPoint","urlTemplate":"https:\/\/savoureaston.ca\/fr\/?s={search_term_string}"},"query-input":{"@type":"PropertyValueSpecification","valueRequired":true,"valueName":"search_term_string"}}],"inLanguage":"fr-CA"},{"@type":"Organization","@id":"https:\/\/savoureaston.ca\/fr\/#organization","name":"Eastern Ontario Agri-food Network","url":"https:\/\/savoureaston.ca\/fr\/","logo":{"@type":"ImageObject","inLanguage":"fr-CA","@id":"https:\/\/savoureaston.ca\/fr\/#\/schema\/logo\/image\/","url":"https:\/\/savoureaston.ca\/wp-content\/uploads\/2023\/01\/SE-ON-logo-long-solide.png","contentUrl":"https:\/\/savoureaston.ca\/wp-content\/uploads\/2023\/01\/SE-ON-logo-long-solide.png","width":2788,"height":1376,"caption":"Eastern Ontario Agri-food Network"},"image":{"@id":"https:\/\/savoureaston.ca\/fr\/#\/schema\/logo\/image\/"},"sameAs":["https:\/\/www.facebook.com\/EastON.EstON"]}]}},"_links":{"self":[{"href":"https:\/\/savoureaston.ca\/fr\/wp-json\/wp\/v2\/pages\/4689","targetHints":{"allow":["GET"]}}],"collection":[{"href":"https:\/\/savoureaston.ca\/fr\/wp-json\/wp\/v2\/pages"}],"about":[{"href":"https:\/\/savoureaston.ca\/fr\/wp-json\/wp\/v2\/types\/page"}],"author":[{"embeddable":true,"href":"https:\/\/savoureaston.ca\/fr\/wp-json\/wp\/v2\/users\/14"}],"replies":[{"embeddable":true,"href":"https:\/\/savoureaston.ca\/fr\/wp-json\/wp\/v2\/comments?post=4689"}],"version-history":[{"count":4,"href":"https:\/\/savoureaston.ca\/fr\/wp-json\/wp\/v2\/pages\/4689\/revisions"}],"predecessor-version":[{"id":4717,"href":"https:\/\/savoureaston.ca\/fr\/wp-json\/wp\/v2\/pages\/4689\/revisions\/4717"}],"wp:attachment":[{"href":"https:\/\/savoureaston.ca\/fr\/wp-json\/wp\/v2\/media?parent=4689"}],"curies":[{"name":"wp","href":"https:\/\/api.w.org\/{rel}","templated":true}]}}