{"id":3881,"date":"2023-02-08T14:44:18","date_gmt":"2023-02-08T19:44:18","guid":{"rendered":"https:\/\/savoureaston.ca\/view-latest-articles-fr2\/"},"modified":"2023-11-03T08:46:35","modified_gmt":"2023-11-03T12:46:35","slug":"view-latest-articles-fr2","status":"publish","type":"page","link":"https:\/\/savoureaston.ca\/fr\/view-latest-articles-fr2\/","title":{"rendered":"View latest articles"},"content":{"rendered":"<div class=\"wpv-view-output\" data-toolset-views-view-editor=\"1ea3ec279b1cad57ffc1820dc6a8697c\"><div class=\"wp-block-toolset-views-view-editor\"><div id=\"wpv-view-layout-2161\" class=\"js-wpv-view-layout js-wpv-layout-responsive js-wpv-view-layout-2161\" data-viewnumber=\"2161\" data-pagination=\"{&quot;id&quot;:2161,&quot;query&quot;:&quot;normal&quot;,&quot;type&quot;:&quot;paged&quot;,&quot;effect&quot;:&quot;fade&quot;,&quot;duration&quot;:500,&quot;speed&quot;:5,&quot;pause_on_hover&quot;:&quot;disabled&quot;,&quot;stop_rollover&quot;:&quot;false&quot;,&quot;cache_pages&quot;:&quot;enabled&quot;,&quot;preload_images&quot;:&quot;enabled&quot;,&quot;preload_pages&quot;:&quot;enabled&quot;,&quot;preload_reach&quot;:1,&quot;spinner&quot;:&quot;builtin&quot;,&quot;spinner_image&quot;:&quot;https:\/\/savoureaston.ca\/wp-content\/plugins\/toolset-blocks\/embedded\/res\/img\/ajax-loader.svg&quot;,&quot;callback_next&quot;:&quot;&quot;,&quot;manage_history&quot;:&quot;enabled&quot;,&quot;has_controls_in_form&quot;:&quot;disabled&quot;,&quot;infinite_tolerance&quot;:&quot;0&quot;,&quot;max_pages&quot;:1,&quot;page&quot;:1,&quot;base_permalink&quot;:&quot;\/fr\/wp-json\/wp\/v2\/pages\/3881?wpv_view_count=2161&amp;wpv_paged=WPV_PAGE_NUM&quot;,&quot;loop&quot;:{&quot;type&quot;:&quot;&quot;,&quot;name&quot;:&quot;&quot;,&quot;data&quot;:[],&quot;id&quot;:0}}\" data-permalink=\"\/fr\/wp-json\/wp\/v2\/pages\/3881?wpv_view_count=2161\">\n\n<div class=\"wp-block-toolset-blocks-container tb-container latest-art-cont\" data-toolset-blocks-container=\"1\"><div class=\"js-wpv-loop-wrapper\"><div class=\"tb-grid\"><div class=\"tb-grid-column\">\n\n<div class=\"wp-block-toolset-views-view-template-block wpv-block-loop-item php-to-be-replaced-with-shortcode\" data-toolset-views-view-template-block=\"7feee404bd60b1f36d5b0a145b0bbf84\">\n<figure class=\"wp-block-image tb-image tb-image-dynamic tb-image-frame-none\" data-toolset-blocks-image=\"52a8e1154f37d985b5373171322da62f\"><img decoding=\"async\" width=\"1280\" height=\"720\" data-src=\"https:\/\/savoureaston.ca\/wp-content\/uploads\/2026\/03\/recipecheesesouffle_bites_may26.jpg\" alt=\"Cheese souffle\" class=\"wp-image-10092 lazyload\" data-srcset=\"https:\/\/savoureaston.ca\/wp-content\/uploads\/2026\/03\/recipecheesesouffle_bites_may26.jpg 1280w, https:\/\/savoureaston.ca\/wp-content\/uploads\/2026\/03\/recipecheesesouffle_bites_may26-320x180.jpg 320w, https:\/\/savoureaston.ca\/wp-content\/uploads\/2026\/03\/recipecheesesouffle_bites_may26-160x90.jpg 160w, https:\/\/savoureaston.ca\/wp-content\/uploads\/2026\/03\/recipecheesesouffle_bites_may26-768x432.jpg 768w\" data-sizes=\"auto, (max-width: 1280px) 100vw, 1280px\" src=\"data:image\/svg+xml;base64,PHN2ZyB3aWR0aD0iMSIgaGVpZ2h0PSIxIiB4bWxucz0iaHR0cDovL3d3dy53My5vcmcvMjAwMC9zdmciPjwvc3ZnPg==\" style=\"--smush-placeholder-width: 1280px; --smush-placeholder-aspect-ratio: 1280\/720;\" \/><\/figure>\n\n\n\n<div class=\"wp-block-toolset-blocks-container tb-container\" data-toolset-blocks-container=\"ed2dc433dc9d12bb056ba8be7ffeae7b\">\n<div class=\"tb-field\" data-toolset-blocks-field=\"48f1013744ea0f61513e16f7de43d96e\" data-last-update=\"1.4\">Recettes de nos producteurs, Recipes from your producers<\/div>\n\n\n\n<h3 class=\"tb-heading\" data-toolset-blocks-heading=\"95f0f480852f41c2504bd719f94f9804\" data-last-update=\"1.4\"><a href=\"https:\/\/savoureaston.ca\/fr\/article\/souffle-au-fromage\/\">Souffl\u00e9 au fromage<\/a><\/h3>\n\n\n\n<div class=\"tb-field\" data-toolset-blocks-field=\"02382674dbe9ed991dedc680154ba4b3\" data-last-update=\"1.4\">Ingr\u00e9dients :1 once (28 grammes) de parmesan r\u00e2p\u00e9 (1\/2 tasse)\u00bc tasse (1 1\/4 onces\/35 grammes) de farine tout usage\u00bc de cuill\u00e8re \u00e0 caf\u00e9 de paprika\u00bc de cuill\u00e8re \u00e0 caf\u00e9 de...<\/div>\n<\/div>\n<\/div>\n\n<\/div><div class=\"tb-grid-column\">\n\n<div class=\"wp-block-toolset-views-view-template-block wpv-block-loop-item php-to-be-replaced-with-shortcode\" data-toolset-views-view-template-block=\"7feee404bd60b1f36d5b0a145b0bbf84\">\n<figure class=\"wp-block-image tb-image tb-image-dynamic tb-image-frame-none\" data-toolset-blocks-image=\"52a8e1154f37d985b5373171322da62f\"><img decoding=\"async\" width=\"1280\" height=\"720\" data-src=\"https:\/\/savoureaston.ca\/wp-content\/uploads\/2026\/03\/recipefiddleheads_bites_apr26.jpg\" alt=\"Fiddleheads\" class=\"wp-image-10084 lazyload\" data-srcset=\"https:\/\/savoureaston.ca\/wp-content\/uploads\/2026\/03\/recipefiddleheads_bites_apr26.jpg 1280w, https:\/\/savoureaston.ca\/wp-content\/uploads\/2026\/03\/recipefiddleheads_bites_apr26-320x180.jpg 320w, https:\/\/savoureaston.ca\/wp-content\/uploads\/2026\/03\/recipefiddleheads_bites_apr26-160x90.jpg 160w, https:\/\/savoureaston.ca\/wp-content\/uploads\/2026\/03\/recipefiddleheads_bites_apr26-768x432.jpg 768w\" data-sizes=\"auto, (max-width: 1280px) 100vw, 1280px\" src=\"data:image\/svg+xml;base64,PHN2ZyB3aWR0aD0iMSIgaGVpZ2h0PSIxIiB4bWxucz0iaHR0cDovL3d3dy53My5vcmcvMjAwMC9zdmciPjwvc3ZnPg==\" style=\"--smush-placeholder-width: 1280px; --smush-placeholder-aspect-ratio: 1280\/720;\" \/><\/figure>\n\n\n\n<div class=\"wp-block-toolset-blocks-container tb-container\" data-toolset-blocks-container=\"ed2dc433dc9d12bb056ba8be7ffeae7b\">\n<div class=\"tb-field\" data-toolset-blocks-field=\"48f1013744ea0f61513e16f7de43d96e\" data-last-update=\"1.4\">Recettes de nos producteurs<\/div>\n\n\n\n<h3 class=\"tb-heading\" data-toolset-blocks-heading=\"95f0f480852f41c2504bd719f94f9804\" data-last-update=\"1.4\"><a href=\"https:\/\/savoureaston.ca\/fr\/article\/tetes-de-violon-aux-pates-et-a-la-ricotta\/\">T\u00eates de violon aux p\u00e2tes et \u00e0 la ricotta<\/a><\/h3>\n\n\n\n<div class=\"tb-field\" data-toolset-blocks-field=\"02382674dbe9ed991dedc680154ba4b3\" data-last-update=\"1.4\">Ingr\u00e9dients :2 c. \u00e0 soupe d'huile d'olive extra vierge2 gousses d'ail, \u00e9minc\u00e9es6 oz de t\u00eates de violon, par\u00e9es et lav\u00e9es\u00bd livre de p\u00e2tes longues de votre choix, telles que mafalde\u2154...<\/div>\n<\/div>\n<\/div>\n\n<\/div><div class=\"tb-grid-column\">\n\n<div class=\"wp-block-toolset-views-view-template-block wpv-block-loop-item php-to-be-replaced-with-shortcode\" data-toolset-views-view-template-block=\"7feee404bd60b1f36d5b0a145b0bbf84\">\n<figure class=\"wp-block-image tb-image tb-image-dynamic tb-image-frame-none\" data-toolset-blocks-image=\"52a8e1154f37d985b5373171322da62f\"><img decoding=\"async\" width=\"1280\" height=\"720\" data-src=\"https:\/\/savoureaston.ca\/wp-content\/uploads\/2025\/06\/recipe_bites_dec25.jpg\" alt=\"Traditional French meat pie with a slide cut out.\" class=\"wp-image-9504 lazyload\" data-srcset=\"https:\/\/savoureaston.ca\/wp-content\/uploads\/2025\/06\/recipe_bites_dec25.jpg 1280w, https:\/\/savoureaston.ca\/wp-content\/uploads\/2025\/06\/recipe_bites_dec25-320x180.jpg 320w, https:\/\/savoureaston.ca\/wp-content\/uploads\/2025\/06\/recipe_bites_dec25-160x90.jpg 160w, https:\/\/savoureaston.ca\/wp-content\/uploads\/2025\/06\/recipe_bites_dec25-768x432.jpg 768w\" data-sizes=\"auto, (max-width: 1280px) 100vw, 1280px\" src=\"data:image\/svg+xml;base64,PHN2ZyB3aWR0aD0iMSIgaGVpZ2h0PSIxIiB4bWxucz0iaHR0cDovL3d3dy53My5vcmcvMjAwMC9zdmciPjwvc3ZnPg==\" style=\"--smush-placeholder-width: 1280px; --smush-placeholder-aspect-ratio: 1280\/720;\" \/><\/figure>\n\n\n\n<div class=\"wp-block-toolset-blocks-container tb-container\" data-toolset-blocks-container=\"ed2dc433dc9d12bb056ba8be7ffeae7b\">\n<div class=\"tb-field\" data-toolset-blocks-field=\"48f1013744ea0f61513e16f7de43d96e\" data-last-update=\"1.4\"><\/div>\n\n\n\n<h3 class=\"tb-heading\" data-toolset-blocks-heading=\"95f0f480852f41c2504bd719f94f9804\" data-last-update=\"1.4\"><a href=\"https:\/\/savoureaston.ca\/fr\/article\/tourtiere\/\">Tourte \u00e0 la viande traditionnelle<\/a><\/h3>\n\n\n\n<div class=\"tb-field\" data-toolset-blocks-field=\"02382674dbe9ed991dedc680154ba4b3\" data-last-update=\"1.4\">Ingr\u00e9dients :250 ml de bouillon de poulet ou de viande2 ronds de p\u00e2te \u00e0 tarte pr\u00e9fabriqu\u00e9s2 pommes de terre de taille moyenne1 \u0153uf30 ml d'huile d'olive ou de beurre Garniture...<\/div>\n<\/div>\n<\/div>\n\n<\/div><\/div><\/div><\/div>\n\n\n\n<div class=\"wpv-pagination-nav-links\" data-toolset-views-view-pagination-block=\"cdfd4c4737b2898eba4443dd59a1bf50\"><\/div>\n\n<\/div><\/div><form autocomplete=\"off\" name=\"wpv-filter-2161\" action=\"\/fr\/wp-json\/wp\/v2\/pages\/3881?wpv_view_count=2161\" method=\"get\" class=\"wpv-filter-form js-wpv-filter-form js-wpv-filter-form-2161 js-wpv-form-full\" data-viewnumber=\"2161\" data-viewid=\"2161\" data-viewhash=\"eyJuYW1lIjoidmlldy1sYXRlc3QtYXJ0aWNsZXMifQ==\" data-viewwidgetid=\"0\" data-orderby=\"\" data-order=\"\" data-orderbyas=\"\" data-orderbysecond=\"\" data-ordersecond=\"\" data-parametric=\"{&quot;query&quot;:&quot;normal&quot;,&quot;id&quot;:2161,&quot;view_id&quot;:2161,&quot;widget_id&quot;:0,&quot;view_hash&quot;:&quot;2161&quot;,&quot;action&quot;:&quot;\\\/fr\\\/wp-json\\\/wp\\\/v2\\\/pages\\\/3881?wpv_view_count=2161&quot;,&quot;sort&quot;:{&quot;orderby&quot;:&quot;&quot;,&quot;order&quot;:&quot;&quot;,&quot;orderby_as&quot;:&quot;&quot;,&quot;orderby_second&quot;:&quot;&quot;,&quot;order_second&quot;:&quot;&quot;},&quot;orderby&quot;:&quot;&quot;,&quot;order&quot;:&quot;&quot;,&quot;orderby_as&quot;:&quot;&quot;,&quot;orderby_second&quot;:&quot;&quot;,&quot;order_second&quot;:&quot;&quot;,&quot;ajax_form&quot;:&quot;&quot;,&quot;ajax_results&quot;:&quot;&quot;,&quot;effect&quot;:&quot;fade&quot;,&quot;prebefore&quot;:&quot;&quot;,&quot;before&quot;:&quot;&quot;,&quot;after&quot;:&quot;&quot;,&quot;attributes&quot;:[],&quot;environment&quot;:{&quot;current_post_id&quot;:3881,&quot;parent_post_id&quot;:3881,&quot;parent_term_id&quot;:0,&quot;parent_user_id&quot;:0,&quot;archive&quot;:{&quot;type&quot;:&quot;&quot;,&quot;name&quot;:&quot;&quot;,&quot;data&quot;:[]}},&quot;loop&quot;:{&quot;type&quot;:&quot;&quot;,&quot;name&quot;:&quot;&quot;,&quot;data&quot;:[],&quot;id&quot;:0}}\" data-attributes=\"[]\" data-environment=\"{&quot;current_post_id&quot;:3881,&quot;parent_post_id&quot;:3881,&quot;parent_term_id&quot;:0,&quot;parent_user_id&quot;:0,&quot;archive&quot;:{&quot;type&quot;:&quot;&quot;,&quot;name&quot;:&quot;&quot;,&quot;data&quot;:[]}}\"><input type=\"hidden\" class=\"js-wpv-dps-filter-data js-wpv-filter-data-for-this-form\" data-action=\"\/fr\/wp-json\/wp\/v2\/pages\/3881?wpv_view_count=2161\" data-page=\"1\" data-ajax=\"disable\" data-effect=\"fade\" data-maxpages=\"1\" data-ajaxprebefore=\"\" data-ajaxbefore=\"\" data-ajaxafter=\"\" \/><input class=\"wpv_view_count wpv_view_count-2161\" type=\"hidden\" name=\"wpv_view_count\" value=\"2161\" \/>\n\n<\/form><\/div>","protected":false},"excerpt":{"rendered":"","protected":false},"author":14,"featured_media":0,"parent":0,"menu_order":0,"comment_status":"closed","ping_status":"closed","template":"","meta":{"footnotes":""},"class_list":["post-3881","page","type-page","status-publish","hentry"],"yoast_head":"<!-- This site is optimized with the Yoast SEO plugin v27.2 - https:\/\/yoast.com\/product\/yoast-seo-wordpress\/ -->\n<title>View latest articles - Savour East Ontario<\/title>\n<meta name=\"robots\" content=\"index, follow, max-snippet:-1, max-image-preview:large, max-video-preview:-1\" \/>\n<link rel=\"canonical\" href=\"https:\/\/savoureaston.ca\/fr\/view-latest-articles-fr2\/\" \/>\n<meta property=\"og:locale\" content=\"fr_CA\" \/>\n<meta property=\"og:type\" content=\"article\" \/>\n<meta property=\"og:title\" content=\"View latest articles - Savour East Ontario\" \/>\n<meta property=\"og:url\" content=\"https:\/\/savoureaston.ca\/fr\/view-latest-articles-fr2\/\" \/>\n<meta property=\"og:site_name\" content=\"Savour East Ontario\" \/>\n<meta property=\"article:publisher\" content=\"https:\/\/www.facebook.com\/EastON.EstON\" \/>\n<meta property=\"article:modified_time\" content=\"2023-11-03T12:46:35+00:00\" \/>\n<meta name=\"twitter:card\" content=\"summary_large_image\" \/>\n<meta name=\"twitter:label1\" content=\"Estimation du temps de lecture\" \/>\n\t<meta name=\"twitter:data1\" content=\"1 minute\" \/>\n<script type=\"application\/ld+json\" class=\"yoast-schema-graph\">{\"@context\":\"https:\/\/schema.org\",\"@graph\":[{\"@type\":\"WebPage\",\"@id\":\"https:\/\/savoureaston.ca\/fr\/view-latest-articles-fr2\/\",\"url\":\"https:\/\/savoureaston.ca\/fr\/view-latest-articles-fr2\/\",\"name\":\"View latest articles - Savour East Ontario\",\"isPartOf\":{\"@id\":\"https:\/\/savoureaston.ca\/fr\/#website\"},\"datePublished\":\"2023-02-08T19:44:18+00:00\",\"dateModified\":\"2023-11-03T12:46:35+00:00\",\"breadcrumb\":{\"@id\":\"https:\/\/savoureaston.ca\/fr\/view-latest-articles-fr2\/#breadcrumb\"},\"inLanguage\":\"fr-CA\",\"potentialAction\":[{\"@type\":\"ReadAction\",\"target\":[\"https:\/\/savoureaston.ca\/fr\/view-latest-articles-fr2\/\"]}]},{\"@type\":\"BreadcrumbList\",\"@id\":\"https:\/\/savoureaston.ca\/fr\/view-latest-articles-fr2\/#breadcrumb\",\"itemListElement\":[{\"@type\":\"ListItem\",\"position\":1,\"name\":\"Home\",\"item\":\"https:\/\/savoureaston.ca\/fr\/\"},{\"@type\":\"ListItem\",\"position\":2,\"name\":\"View latest articles\"}]},{\"@type\":\"WebSite\",\"@id\":\"https:\/\/savoureaston.ca\/fr\/#website\",\"url\":\"https:\/\/savoureaston.ca\/fr\/\",\"name\":\"Savour East Ontario\",\"description\":\"\",\"publisher\":{\"@id\":\"https:\/\/savoureaston.ca\/fr\/#organization\"},\"potentialAction\":[{\"@type\":\"SearchAction\",\"target\":{\"@type\":\"EntryPoint\",\"urlTemplate\":\"https:\/\/savoureaston.ca\/fr\/?s={search_term_string}\"},\"query-input\":{\"@type\":\"PropertyValueSpecification\",\"valueRequired\":true,\"valueName\":\"search_term_string\"}}],\"inLanguage\":\"fr-CA\"},{\"@type\":\"Organization\",\"@id\":\"https:\/\/savoureaston.ca\/fr\/#organization\",\"name\":\"Eastern Ontario Agri-food Network\",\"url\":\"https:\/\/savoureaston.ca\/fr\/\",\"logo\":{\"@type\":\"ImageObject\",\"inLanguage\":\"fr-CA\",\"@id\":\"https:\/\/savoureaston.ca\/fr\/#\/schema\/logo\/image\/\",\"url\":\"https:\/\/savoureaston.ca\/wp-content\/uploads\/2023\/01\/SE-ON-logo-long-solide.png\",\"contentUrl\":\"https:\/\/savoureaston.ca\/wp-content\/uploads\/2023\/01\/SE-ON-logo-long-solide.png\",\"width\":2788,\"height\":1376,\"caption\":\"Eastern Ontario Agri-food Network\"},\"image\":{\"@id\":\"https:\/\/savoureaston.ca\/fr\/#\/schema\/logo\/image\/\"},\"sameAs\":[\"https:\/\/www.facebook.com\/EastON.EstON\"]}]}<\/script>\n<!-- \/ Yoast SEO plugin. -->","yoast_head_json":{"title":"View latest articles - Savour East Ontario","robots":{"index":"index","follow":"follow","max-snippet":"max-snippet:-1","max-image-preview":"max-image-preview:large","max-video-preview":"max-video-preview:-1"},"canonical":"https:\/\/savoureaston.ca\/fr\/view-latest-articles-fr2\/","og_locale":"fr_CA","og_type":"article","og_title":"View latest articles - Savour East Ontario","og_url":"https:\/\/savoureaston.ca\/fr\/view-latest-articles-fr2\/","og_site_name":"Savour East Ontario","article_publisher":"https:\/\/www.facebook.com\/EastON.EstON","article_modified_time":"2023-11-03T12:46:35+00:00","twitter_card":"summary_large_image","twitter_misc":{"Estimation du temps de lecture":"1 minute"},"schema":{"@context":"https:\/\/schema.org","@graph":[{"@type":"WebPage","@id":"https:\/\/savoureaston.ca\/fr\/view-latest-articles-fr2\/","url":"https:\/\/savoureaston.ca\/fr\/view-latest-articles-fr2\/","name":"View latest articles - Savour East Ontario","isPartOf":{"@id":"https:\/\/savoureaston.ca\/fr\/#website"},"datePublished":"2023-02-08T19:44:18+00:00","dateModified":"2023-11-03T12:46:35+00:00","breadcrumb":{"@id":"https:\/\/savoureaston.ca\/fr\/view-latest-articles-fr2\/#breadcrumb"},"inLanguage":"fr-CA","potentialAction":[{"@type":"ReadAction","target":["https:\/\/savoureaston.ca\/fr\/view-latest-articles-fr2\/"]}]},{"@type":"BreadcrumbList","@id":"https:\/\/savoureaston.ca\/fr\/view-latest-articles-fr2\/#breadcrumb","itemListElement":[{"@type":"ListItem","position":1,"name":"Home","item":"https:\/\/savoureaston.ca\/fr\/"},{"@type":"ListItem","position":2,"name":"View latest articles"}]},{"@type":"WebSite","@id":"https:\/\/savoureaston.ca\/fr\/#website","url":"https:\/\/savoureaston.ca\/fr\/","name":"Savour East Ontario","description":"","publisher":{"@id":"https:\/\/savoureaston.ca\/fr\/#organization"},"potentialAction":[{"@type":"SearchAction","target":{"@type":"EntryPoint","urlTemplate":"https:\/\/savoureaston.ca\/fr\/?s={search_term_string}"},"query-input":{"@type":"PropertyValueSpecification","valueRequired":true,"valueName":"search_term_string"}}],"inLanguage":"fr-CA"},{"@type":"Organization","@id":"https:\/\/savoureaston.ca\/fr\/#organization","name":"Eastern Ontario Agri-food Network","url":"https:\/\/savoureaston.ca\/fr\/","logo":{"@type":"ImageObject","inLanguage":"fr-CA","@id":"https:\/\/savoureaston.ca\/fr\/#\/schema\/logo\/image\/","url":"https:\/\/savoureaston.ca\/wp-content\/uploads\/2023\/01\/SE-ON-logo-long-solide.png","contentUrl":"https:\/\/savoureaston.ca\/wp-content\/uploads\/2023\/01\/SE-ON-logo-long-solide.png","width":2788,"height":1376,"caption":"Eastern Ontario Agri-food Network"},"image":{"@id":"https:\/\/savoureaston.ca\/fr\/#\/schema\/logo\/image\/"},"sameAs":["https:\/\/www.facebook.com\/EastON.EstON"]}]}},"_links":{"self":[{"href":"https:\/\/savoureaston.ca\/fr\/wp-json\/wp\/v2\/pages\/3881","targetHints":{"allow":["GET"]}}],"collection":[{"href":"https:\/\/savoureaston.ca\/fr\/wp-json\/wp\/v2\/pages"}],"about":[{"href":"https:\/\/savoureaston.ca\/fr\/wp-json\/wp\/v2\/types\/page"}],"author":[{"embeddable":true,"href":"https:\/\/savoureaston.ca\/fr\/wp-json\/wp\/v2\/users\/14"}],"replies":[{"embeddable":true,"href":"https:\/\/savoureaston.ca\/fr\/wp-json\/wp\/v2\/comments?post=3881"}],"version-history":[{"count":17,"href":"https:\/\/savoureaston.ca\/fr\/wp-json\/wp\/v2\/pages\/3881\/revisions"}],"predecessor-version":[{"id":7015,"href":"https:\/\/savoureaston.ca\/fr\/wp-json\/wp\/v2\/pages\/3881\/revisions\/7015"}],"wp:attachment":[{"href":"https:\/\/savoureaston.ca\/fr\/wp-json\/wp\/v2\/media?parent=3881"}],"curies":[{"name":"wp","href":"https:\/\/api.w.org\/{rel}","templated":true}]}}